{"id":2,"date":"2016-04-26T10:48:21","date_gmt":"2016-04-26T10:48:21","guid":{"rendered":"http:\/\/formacionpas.webs.upv.es\/?page_id=2"},"modified":"2019-09-26T09:11:24","modified_gmt":"2019-09-26T09:11:24","slug":"sample-page","status":"publish","type":"page","link":"https:\/\/formacionpas.webs.upv.es\/?page_id=2","title":{"rendered":"Pr\u00f3ximo encuentro"},"content":{"rendered":"<h1><span style=\"color: #800080;\"><em><strong>2019<\/strong><\/em><\/span><\/h1>\n<p style=\"text-align: justify;\">La pr\u00f3xima actividad se desarrollar\u00e1 en tierras murcianas el pr\u00f3ximo 2, 3 y 4 de octubre:<\/p>\n<h4 style=\"text-align: justify;\"><a href=\"https:\/\/eventos.upct.es\/33782\/detail\/ii-encuentro-de-la-red-de-gestores-de-formacion-corporativa-de-las-universidades-publicas-espanolas.html\"><strong><span style=\"color: #800080;\">II Encuentro de la Red de Gestores de Formaci\u00f3n Corporativa de las Universidades P\u00fablicas Espa\u00f1olas<\/span><\/strong><\/a><\/h4>\n<p>Seguro que ser\u00e1 un \u00e9xito!!<\/p>\n","protected":false},"excerpt":{"rendered":"<p>2019 La pr\u00f3xima actividad se desarrollar\u00e1 en tierras murcianas el pr\u00f3ximo 2, 3 y 4 de octubre: II Encuentro de la Red de Gestores de Formaci\u00f3n Corporativa de las Universidades P\u00fablicas Espa\u00f1olas Seguro que ser\u00e1 un \u00e9xito!!<\/p>\n","protected":false},"author":1,"featured_media":0,"parent":0,"menu_order":3,"comment_status":"closed","ping_status":"closed","template":"","meta":{"footnotes":""},"class_list":["post-2","page","type-page","status-publish","czr-hentry"],"_links":{"self":[{"href":"https:\/\/formacionpas.webs.upv.es\/index.php?rest_route=\/wp\/v2\/pages\/2","targetHints":{"allow":["GET"]}}],"collection":[{"href":"https:\/\/formacionpas.webs.upv.es\/index.php?rest_route=\/wp\/v2\/pages"}],"about":[{"href":"https:\/\/formacionpas.webs.upv.es\/index.php?rest_route=\/wp\/v2\/types\/page"}],"author":[{"embeddable":true,"href":"https:\/\/formacionpas.webs.upv.es\/index.php?rest_route=\/wp\/v2\/users\/1"}],"replies":[{"embeddable":true,"href":"https:\/\/formacionpas.webs.upv.es\/index.php?rest_route=%2Fwp%2Fv2%2Fcomments&post=2"}],"version-history":[{"count":5,"href":"https:\/\/formacionpas.webs.upv.es\/index.php?rest_route=\/wp\/v2\/pages\/2\/revisions"}],"predecessor-version":[{"id":212,"href":"https:\/\/formacionpas.webs.upv.es\/index.php?rest_route=\/wp\/v2\/pages\/2\/revisions\/212"}],"wp:attachment":[{"href":"https:\/\/formacionpas.webs.upv.es\/index.php?rest_route=%2Fwp%2Fv2%2Fmedia&parent=2"}],"curies":[{"name":"wp","href":"https:\/\/api.w.org\/{rel}","templated":true}]}}